{"id":1435,"date":"2017-03-05T19:38:58","date_gmt":"2017-03-05T19:38:58","guid":{"rendered":"https:\/\/fontedamoura.com\/soldadura\/"},"modified":"2021-11-18T19:00:13","modified_gmt":"2021-11-18T19:00:13","slug":"soudage","status":"publish","type":"page","link":"https:\/\/fontedamoura.com\/fr\/soudage\/","title":{"rendered":"SOUDAGE"},"content":{"rendered":"","protected":false},"excerpt":{"rendered":"","protected":false},"author":1,"featured_media":0,"parent":0,"menu_order":0,"comment_status":"closed","ping_status":"closed","template":"","meta":[],"yoast_head":"<!-- This site is optimized with the Yoast SEO plugin v16.2 - https:\/\/yoast.com\/wordpress\/plugins\/seo\/ -->\n<title>Fonte da Moura Metalworking - Soudage<\/title>\n<meta name=\"description\" content=\"Sp\u00e9cialiste de la construction \u00e0 base d&#039;\u00e9l\u00e9ments m\u00e9talliques, la soci\u00e9t\u00e9 &quot;Fonte da Moura&quot; ma\u00eetrise l&#039;ensemble de la cha\u00eene de fabrication et peut ainsi r\u00e9pondre aux demandes le plus diverse dans le secteur des produits sp\u00e9ciaux m\u00e9cano-soud\u00e9s.\" \/>\n<meta name=\"robots\" content=\"index, follow, max-snippet:-1, max-image-preview:large, max-video-preview:-1\" \/>\n<link rel=\"canonical\" href=\"https:\/\/fontedamoura.com\/fr\/soldadura\/\" \/>\n<meta property=\"og:locale\" content=\"fr_FR\" \/>\n<meta property=\"og:type\" content=\"article\" \/>\n<meta property=\"og:title\" content=\"Fonte da Moura Metalworking - Soudage\" \/>\n<meta property=\"og:description\" content=\"Sp\u00e9cialiste de la construction \u00e0 base d&#039;\u00e9l\u00e9ments m\u00e9talliques, la soci\u00e9t\u00e9 &quot;Fonte da Moura&quot; ma\u00eetrise l&#039;ensemble de la cha\u00eene de fabrication et peut ainsi r\u00e9pondre aux demandes le plus diverse dans le secteur des produits sp\u00e9ciaux m\u00e9cano-soud\u00e9s.\" \/>\n<meta property=\"og:url\" content=\"https:\/\/fontedamoura.com\/es\/soldadura\/\" \/>\n<meta property=\"og:site_name\" content=\"Fonte da Moura Metalworking\" \/>\n<meta property=\"article:modified_time\" content=\"2021-11-18T19:00:13+00:00\" \/>\n<meta name=\"twitter:card\" content=\"summary_large_image\" \/>\n<script type=\"application\/ld+json\" class=\"yoast-schema-graph\">{\"@context\":\"https:\/\/schema.org\",\"@graph\":[{\"@type\":\"WebSite\",\"@id\":\"https:\/\/fontedamoura.com\/fr\/#website\",\"url\":\"https:\/\/fontedamoura.com\/fr\/\",\"name\":\"Fonte da Moura Metalworking\",\"description\":\"Metalomec\\u00e2nica\",\"potentialAction\":[{\"@type\":\"SearchAction\",\"target\":\"https:\/\/fontedamoura.com\/fr\/?s={search_term_string}\",\"query-input\":\"required name=search_term_string\"}],\"inLanguage\":\"fr-FR\"},{\"@type\":\"WebPage\",\"@id\":\"https:\/\/fontedamoura.com\/es\/soldadura\/#webpage\",\"url\":\"https:\/\/fontedamoura.com\/es\/soldadura\/\",\"name\":\"Fonte da Moura Metalworking - Soudage\",\"isPartOf\":{\"@id\":\"https:\/\/fontedamoura.com\/fr\/#website\"},\"datePublished\":\"2017-03-05T19:38:58+00:00\",\"dateModified\":\"2021-11-18T19:00:13+00:00\",\"description\":\"Sp\\u00e9cialiste de la construction \\u00e0 base d'\\u00e9l\\u00e9ments m\\u00e9talliques, la soci\\u00e9t\\u00e9 \\\"Fonte da Moura\\\" ma\\u00eetrise l'ensemble de la cha\\u00eene de fabrication et peut ainsi r\\u00e9pondre aux demandes le plus diverse dans le secteur des produits sp\\u00e9ciaux m\\u00e9cano-soud\\u00e9s.\",\"breadcrumb\":{\"@id\":\"https:\/\/fontedamoura.com\/es\/soldadura\/#breadcrumb\"},\"inLanguage\":\"fr-FR\",\"potentialAction\":[{\"@type\":\"ReadAction\",\"target\":[\"https:\/\/fontedamoura.com\/es\/soldadura\/\"]}]},{\"@type\":\"BreadcrumbList\",\"@id\":\"https:\/\/fontedamoura.com\/es\/soldadura\/#breadcrumb\",\"itemListElement\":[{\"@type\":\"ListItem\",\"position\":1,\"item\":{\"@type\":\"WebPage\",\"@id\":\"https:\/\/fontedamoura.com\/fr\/\",\"url\":\"https:\/\/fontedamoura.com\/fr\/\",\"name\":\"In\\u00edcio\"}},{\"@type\":\"ListItem\",\"position\":2,\"item\":{\"@id\":\"https:\/\/fontedamoura.com\/es\/soldadura\/#webpage\"}}]}]}<\/script>\n<!-- \/ Yoast SEO plugin. -->","_links":{"self":[{"href":"https:\/\/fontedamoura.com\/fr\/wp-json\/wp\/v2\/pages\/1435"}],"collection":[{"href":"https:\/\/fontedamoura.com\/fr\/wp-json\/wp\/v2\/pages"}],"about":[{"href":"https:\/\/fontedamoura.com\/fr\/wp-json\/wp\/v2\/types\/page"}],"author":[{"embeddable":true,"href":"https:\/\/fontedamoura.com\/fr\/wp-json\/wp\/v2\/users\/1"}],"replies":[{"embeddable":true,"href":"https:\/\/fontedamoura.com\/fr\/wp-json\/wp\/v2\/comments?post=1435"}],"version-history":[{"count":6,"href":"https:\/\/fontedamoura.com\/fr\/wp-json\/wp\/v2\/pages\/1435\/revisions"}],"predecessor-version":[{"id":3517,"href":"https:\/\/fontedamoura.com\/fr\/wp-json\/wp\/v2\/pages\/1435\/revisions\/3517"}],"wp:attachment":[{"href":"https:\/\/fontedamoura.com\/fr\/wp-json\/wp\/v2\/media?parent=1435"}],"curies":[{"name":"wp","href":"https:\/\/api.w.org\/{rel}","templated":true}]}}