{"id":1433,"date":"2017-11-20T12:48:30","date_gmt":"2017-11-20T12:48:30","guid":{"rendered":"https:\/\/fontedamoura.com\/serralharia-civil-inox\/"},"modified":"2018-02-06T12:12:25","modified_gmt":"2018-02-06T12:12:25","slug":"serrurerie-metallerie-acier-inoxydable","status":"publish","type":"page","link":"https:\/\/fontedamoura.com\/fr\/serrurerie-metallerie-acier-inoxydable\/","title":{"rendered":"SERRURERIE \/ METALLERIE &#8211; ACIER INOXIDABLE"},"content":{"rendered":"","protected":false},"excerpt":{"rendered":"","protected":false},"author":1,"featured_media":0,"parent":0,"menu_order":0,"comment_status":"closed","ping_status":"closed","template":"","meta":[],"yoast_head":"<!-- This site is optimized with the Yoast SEO plugin v16.2 - https:\/\/yoast.com\/wordpress\/plugins\/seo\/ -->\n<title>Fonte da Moura Metalworking - Serrurerie \/ Metallerie - Acier inoxydable<\/title>\n<meta name=\"description\" content=\"Nous intervenons dans l\u2019habitat, les ouvrages fonctionnels et l\u2019industrie, tant en march\u00e9s publics que priv\u00e9s. Nous fabriquons nos ouvrages dans une usine \u00e0 la capacit\u00e9 de production importante et \u00e9volutive.\" \/>\n<meta name=\"robots\" content=\"index, follow, max-snippet:-1, max-image-preview:large, max-video-preview:-1\" \/>\n<link rel=\"canonical\" href=\"https:\/\/fontedamoura.com\/fr\/serrurerie-metallerie-acier-inoxydable\/\" \/>\n<meta property=\"og:locale\" content=\"fr_FR\" \/>\n<meta property=\"og:type\" content=\"article\" \/>\n<meta property=\"og:title\" content=\"Fonte da Moura Metalworking - Serrurerie \/ Metallerie - Acier inoxydable\" \/>\n<meta property=\"og:description\" content=\"Nous intervenons dans l\u2019habitat, les ouvrages fonctionnels et l\u2019industrie, tant en march\u00e9s publics que priv\u00e9s. Nous fabriquons nos ouvrages dans une usine \u00e0 la capacit\u00e9 de production importante et \u00e9volutive.\" \/>\n<meta property=\"og:url\" content=\"https:\/\/fontedamoura.com\/fr\/serrurerie-metallerie-acier-inoxydable\/\" \/>\n<meta property=\"og:site_name\" content=\"Fonte da Moura Metalworking\" \/>\n<meta property=\"article:modified_time\" content=\"2018-02-06T12:12:25+00:00\" \/>\n<meta name=\"twitter:card\" content=\"summary_large_image\" \/>\n<script type=\"application\/ld+json\" class=\"yoast-schema-graph\">{\"@context\":\"https:\/\/schema.org\",\"@graph\":[{\"@type\":\"WebSite\",\"@id\":\"https:\/\/fontedamoura.com\/fr\/#website\",\"url\":\"https:\/\/fontedamoura.com\/fr\/\",\"name\":\"Fonte da Moura Metalworking\",\"description\":\"Metalomec\\u00e2nica\",\"potentialAction\":[{\"@type\":\"SearchAction\",\"target\":\"https:\/\/fontedamoura.com\/fr\/?s={search_term_string}\",\"query-input\":\"required name=search_term_string\"}],\"inLanguage\":\"fr-FR\"},{\"@type\":\"WebPage\",\"@id\":\"https:\/\/fontedamoura.com\/fr\/serrurerie-metallerie-acier-inoxydable\/#webpage\",\"url\":\"https:\/\/fontedamoura.com\/fr\/serrurerie-metallerie-acier-inoxydable\/\",\"name\":\"Fonte da Moura Metalworking - Serrurerie \/ Metallerie - Acier inoxydable\",\"isPartOf\":{\"@id\":\"https:\/\/fontedamoura.com\/fr\/#website\"},\"datePublished\":\"2017-11-20T12:48:30+00:00\",\"dateModified\":\"2018-02-06T12:12:25+00:00\",\"description\":\"Nous intervenons dans l\\u2019habitat, les ouvrages fonctionnels et l\\u2019industrie, tant en march\\u00e9s publics que priv\\u00e9s. Nous fabriquons nos ouvrages dans une usine \\u00e0 la capacit\\u00e9 de production importante et \\u00e9volutive.\",\"breadcrumb\":{\"@id\":\"https:\/\/fontedamoura.com\/fr\/serrurerie-metallerie-acier-inoxydable\/#breadcrumb\"},\"inLanguage\":\"fr-FR\",\"potentialAction\":[{\"@type\":\"ReadAction\",\"target\":[\"https:\/\/fontedamoura.com\/fr\/serrurerie-metallerie-acier-inoxydable\/\"]}]},{\"@type\":\"BreadcrumbList\",\"@id\":\"https:\/\/fontedamoura.com\/fr\/serrurerie-metallerie-acier-inoxydable\/#breadcrumb\",\"itemListElement\":[{\"@type\":\"ListItem\",\"position\":1,\"item\":{\"@type\":\"WebPage\",\"@id\":\"https:\/\/fontedamoura.com\/fr\/\",\"url\":\"https:\/\/fontedamoura.com\/fr\/\",\"name\":\"In\\u00edcio\"}},{\"@type\":\"ListItem\",\"position\":2,\"item\":{\"@id\":\"https:\/\/fontedamoura.com\/fr\/serrurerie-metallerie-acier-inoxydable\/#webpage\"}}]}]}<\/script>\n<!-- \/ Yoast SEO plugin. -->","_links":{"self":[{"href":"https:\/\/fontedamoura.com\/fr\/wp-json\/wp\/v2\/pages\/1433"}],"collection":[{"href":"https:\/\/fontedamoura.com\/fr\/wp-json\/wp\/v2\/pages"}],"about":[{"href":"https:\/\/fontedamoura.com\/fr\/wp-json\/wp\/v2\/types\/page"}],"author":[{"embeddable":true,"href":"https:\/\/fontedamoura.com\/fr\/wp-json\/wp\/v2\/users\/1"}],"replies":[{"embeddable":true,"href":"https:\/\/fontedamoura.com\/fr\/wp-json\/wp\/v2\/comments?post=1433"}],"version-history":[{"count":4,"href":"https:\/\/fontedamoura.com\/fr\/wp-json\/wp\/v2\/pages\/1433\/revisions"}],"predecessor-version":[{"id":1842,"href":"https:\/\/fontedamoura.com\/fr\/wp-json\/wp\/v2\/pages\/1433\/revisions\/1842"}],"wp:attachment":[{"href":"https:\/\/fontedamoura.com\/fr\/wp-json\/wp\/v2\/media?parent=1433"}],"curies":[{"name":"wp","href":"https:\/\/api.w.org\/{rel}","templated":true}]}}