{"id":1430,"date":"2017-03-21T19:38:09","date_gmt":"2017-03-21T19:38:09","guid":{"rendered":"https:\/\/fontedamoura.com\/serralharia-civil-ferro\/"},"modified":"2021-11-22T17:01:00","modified_gmt":"2021-11-22T17:01:00","slug":"serrurerie-fer","status":"publish","type":"page","link":"https:\/\/fontedamoura.com\/fr\/serrurerie-fer\/","title":{"rendered":"SERRURERIE \/ METALLERIE &#8211; FER"},"content":{"rendered":"","protected":false},"excerpt":{"rendered":"","protected":false},"author":1,"featured_media":0,"parent":0,"menu_order":0,"comment_status":"closed","ping_status":"closed","template":"","meta":[],"yoast_head":"<!-- This site is optimized with the Yoast SEO plugin v16.2 - https:\/\/yoast.com\/wordpress\/plugins\/seo\/ -->\n<title>Fonte da Moura Metalworking - Serrurerie \/ Metallerie - Fer<\/title>\n<meta name=\"description\" content=\"L&#039;exp\u00e9rience de notre d\u00e9partement nous permet de vous proposer un large \u00e9ventail de syst\u00e8mes. Aussi, quel que soit l&#039;\u00e9tat d&#039;avancement de votre \u00e9tude, n&#039;h\u00e9sitez pas \u00e0 contacter notre \u00e9quipe de technico-commerciaux.\" \/>\n<meta name=\"robots\" content=\"index, follow, max-snippet:-1, max-image-preview:large, max-video-preview:-1\" \/>\n<link rel=\"canonical\" href=\"https:\/\/fontedamoura.com\/fr\/serrurerie-fer\/\" \/>\n<meta property=\"og:locale\" content=\"fr_FR\" \/>\n<meta property=\"og:type\" content=\"article\" \/>\n<meta property=\"og:title\" content=\"Fonte da Moura Metalworking - Serrurerie \/ Metallerie - Fer\" \/>\n<meta property=\"og:description\" content=\"L&#039;exp\u00e9rience de notre d\u00e9partement nous permet de vous proposer un large \u00e9ventail de syst\u00e8mes. Aussi, quel que soit l&#039;\u00e9tat d&#039;avancement de votre \u00e9tude, n&#039;h\u00e9sitez pas \u00e0 contacter notre \u00e9quipe de technico-commerciaux.\" \/>\n<meta property=\"og:url\" content=\"https:\/\/fontedamoura.com\/fr\/serrurerie-fer\/\" \/>\n<meta property=\"og:site_name\" content=\"Fonte da Moura Metalworking\" \/>\n<meta property=\"article:modified_time\" content=\"2021-11-22T17:01:00+00:00\" \/>\n<meta name=\"twitter:card\" content=\"summary_large_image\" \/>\n<script type=\"application\/ld+json\" class=\"yoast-schema-graph\">{\"@context\":\"https:\/\/schema.org\",\"@graph\":[{\"@type\":\"WebSite\",\"@id\":\"https:\/\/fontedamoura.com\/fr\/#website\",\"url\":\"https:\/\/fontedamoura.com\/fr\/\",\"name\":\"Fonte da Moura Metalworking\",\"description\":\"Metalomec\\u00e2nica\",\"potentialAction\":[{\"@type\":\"SearchAction\",\"target\":\"https:\/\/fontedamoura.com\/fr\/?s={search_term_string}\",\"query-input\":\"required name=search_term_string\"}],\"inLanguage\":\"fr-FR\"},{\"@type\":\"WebPage\",\"@id\":\"https:\/\/fontedamoura.com\/fr\/serrurerie-fer\/#webpage\",\"url\":\"https:\/\/fontedamoura.com\/fr\/serrurerie-fer\/\",\"name\":\"Fonte da Moura Metalworking - Serrurerie \/ Metallerie - Fer\",\"isPartOf\":{\"@id\":\"https:\/\/fontedamoura.com\/fr\/#website\"},\"datePublished\":\"2017-03-21T19:38:09+00:00\",\"dateModified\":\"2021-11-22T17:01:00+00:00\",\"description\":\"L'exp\\u00e9rience de notre d\\u00e9partement nous permet de vous proposer un large \\u00e9ventail de syst\\u00e8mes. Aussi, quel que soit l'\\u00e9tat d'avancement de votre \\u00e9tude, n'h\\u00e9sitez pas \\u00e0 contacter notre \\u00e9quipe de technico-commerciaux.\",\"breadcrumb\":{\"@id\":\"https:\/\/fontedamoura.com\/fr\/serrurerie-fer\/#breadcrumb\"},\"inLanguage\":\"fr-FR\",\"potentialAction\":[{\"@type\":\"ReadAction\",\"target\":[\"https:\/\/fontedamoura.com\/fr\/serrurerie-fer\/\"]}]},{\"@type\":\"BreadcrumbList\",\"@id\":\"https:\/\/fontedamoura.com\/fr\/serrurerie-fer\/#breadcrumb\",\"itemListElement\":[{\"@type\":\"ListItem\",\"position\":1,\"item\":{\"@type\":\"WebPage\",\"@id\":\"https:\/\/fontedamoura.com\/fr\/\",\"url\":\"https:\/\/fontedamoura.com\/fr\/\",\"name\":\"In\\u00edcio\"}},{\"@type\":\"ListItem\",\"position\":2,\"item\":{\"@id\":\"https:\/\/fontedamoura.com\/fr\/serrurerie-fer\/#webpage\"}}]}]}<\/script>\n<!-- \/ Yoast SEO plugin. -->","_links":{"self":[{"href":"https:\/\/fontedamoura.com\/fr\/wp-json\/wp\/v2\/pages\/1430"}],"collection":[{"href":"https:\/\/fontedamoura.com\/fr\/wp-json\/wp\/v2\/pages"}],"about":[{"href":"https:\/\/fontedamoura.com\/fr\/wp-json\/wp\/v2\/types\/page"}],"author":[{"embeddable":true,"href":"https:\/\/fontedamoura.com\/fr\/wp-json\/wp\/v2\/users\/1"}],"replies":[{"embeddable":true,"href":"https:\/\/fontedamoura.com\/fr\/wp-json\/wp\/v2\/comments?post=1430"}],"version-history":[{"count":5,"href":"https:\/\/fontedamoura.com\/fr\/wp-json\/wp\/v2\/pages\/1430\/revisions"}],"predecessor-version":[{"id":3581,"href":"https:\/\/fontedamoura.com\/fr\/wp-json\/wp\/v2\/pages\/1430\/revisions\/3581"}],"wp:attachment":[{"href":"https:\/\/fontedamoura.com\/fr\/wp-json\/wp\/v2\/media?parent=1430"}],"curies":[{"name":"wp","href":"https:\/\/api.w.org\/{rel}","templated":true}]}}