{"id":1214,"date":"2017-01-18T11:12:35","date_gmt":"2017-01-18T11:12:35","guid":{"rendered":"https:\/\/fontedamoura.com\/sobre-nos\/"},"modified":"2021-11-18T19:30:33","modified_gmt":"2021-11-18T19:30:33","slug":"entreprise","status":"publish","type":"page","link":"https:\/\/fontedamoura.com\/fr\/entreprise\/","title":{"rendered":"ENTREPRISE"},"content":{"rendered":"","protected":false},"excerpt":{"rendered":"","protected":false},"author":1,"featured_media":0,"parent":0,"menu_order":0,"comment_status":"closed","ping_status":"closed","template":"","meta":[],"yoast_head":"<!-- This site is optimized with the Yoast SEO plugin v16.2 - https:\/\/yoast.com\/wordpress\/plugins\/seo\/ -->\n<title>Fonte da Moura - \u00c0 propos de nous<\/title>\n<meta name=\"description\" content=\"Fond\u00e9e en 1979, situ\u00e9 \u00e0 Maia, Portugal, la soci\u00e9t\u00e9 SFM - Serralharia Fonte da Moura est compos\u00e9e d&#039;une \u00e9quipe dynamique et hautement qualifi\u00e9, ayant comme objectif la fabrication de charpentes m\u00e9talliques, chaudi\u00e8res et de construction soud\u00e9e.\" \/>\n<meta name=\"robots\" content=\"index, follow, max-snippet:-1, max-image-preview:large, max-video-preview:-1\" \/>\n<link rel=\"canonical\" href=\"https:\/\/fontedamoura.com\/fr\/entreprise\/\" \/>\n<meta property=\"og:locale\" content=\"fr_FR\" \/>\n<meta property=\"og:type\" content=\"article\" \/>\n<meta property=\"og:title\" content=\"Fonte da Moura - \u00c0 propos de nous\" \/>\n<meta property=\"og:description\" content=\"Fond\u00e9e en 1979, situ\u00e9 \u00e0 Maia, Portugal, la soci\u00e9t\u00e9 SFM - Serralharia Fonte da Moura est compos\u00e9e d&#039;une \u00e9quipe dynamique et hautement qualifi\u00e9, ayant comme objectif la fabrication de charpentes m\u00e9talliques, chaudi\u00e8res et de construction soud\u00e9e.\" \/>\n<meta property=\"og:url\" content=\"https:\/\/fontedamoura.com\/fr\/entreprise\/\" \/>\n<meta property=\"og:site_name\" content=\"Fonte da Moura Metalworking\" \/>\n<meta property=\"article:modified_time\" content=\"2021-11-18T19:30:33+00:00\" \/>\n<meta name=\"twitter:card\" content=\"summary_large_image\" \/>\n<script type=\"application\/ld+json\" class=\"yoast-schema-graph\">{\"@context\":\"https:\/\/schema.org\",\"@graph\":[{\"@type\":\"WebSite\",\"@id\":\"https:\/\/fontedamoura.com\/fr\/#website\",\"url\":\"https:\/\/fontedamoura.com\/fr\/\",\"name\":\"Fonte da Moura Metalworking\",\"description\":\"Metalomec\\u00e2nica\",\"potentialAction\":[{\"@type\":\"SearchAction\",\"target\":\"https:\/\/fontedamoura.com\/fr\/?s={search_term_string}\",\"query-input\":\"required name=search_term_string\"}],\"inLanguage\":\"fr-FR\"},{\"@type\":\"WebPage\",\"@id\":\"https:\/\/fontedamoura.com\/fr\/entreprise\/#webpage\",\"url\":\"https:\/\/fontedamoura.com\/fr\/entreprise\/\",\"name\":\"Fonte da Moura - \\u00c0 propos de nous\",\"isPartOf\":{\"@id\":\"https:\/\/fontedamoura.com\/fr\/#website\"},\"datePublished\":\"2017-01-18T11:12:35+00:00\",\"dateModified\":\"2021-11-18T19:30:33+00:00\",\"description\":\"Fond\\u00e9e en 1979, situ\\u00e9 \\u00e0 Maia, Portugal, la soci\\u00e9t\\u00e9 SFM - Serralharia Fonte da Moura est compos\\u00e9e d'une \\u00e9quipe dynamique et hautement qualifi\\u00e9, ayant comme objectif la fabrication de charpentes m\\u00e9talliques, chaudi\\u00e8res et de construction soud\\u00e9e.\",\"breadcrumb\":{\"@id\":\"https:\/\/fontedamoura.com\/fr\/entreprise\/#breadcrumb\"},\"inLanguage\":\"fr-FR\",\"potentialAction\":[{\"@type\":\"ReadAction\",\"target\":[\"https:\/\/fontedamoura.com\/fr\/entreprise\/\"]}]},{\"@type\":\"BreadcrumbList\",\"@id\":\"https:\/\/fontedamoura.com\/fr\/entreprise\/#breadcrumb\",\"itemListElement\":[{\"@type\":\"ListItem\",\"position\":1,\"item\":{\"@type\":\"WebPage\",\"@id\":\"https:\/\/fontedamoura.com\/fr\/\",\"url\":\"https:\/\/fontedamoura.com\/fr\/\",\"name\":\"In\\u00edcio\"}},{\"@type\":\"ListItem\",\"position\":2,\"item\":{\"@id\":\"https:\/\/fontedamoura.com\/fr\/entreprise\/#webpage\"}}]}]}<\/script>\n<!-- \/ Yoast SEO plugin. -->","_links":{"self":[{"href":"https:\/\/fontedamoura.com\/fr\/wp-json\/wp\/v2\/pages\/1214"}],"collection":[{"href":"https:\/\/fontedamoura.com\/fr\/wp-json\/wp\/v2\/pages"}],"about":[{"href":"https:\/\/fontedamoura.com\/fr\/wp-json\/wp\/v2\/types\/page"}],"author":[{"embeddable":true,"href":"https:\/\/fontedamoura.com\/fr\/wp-json\/wp\/v2\/users\/1"}],"replies":[{"embeddable":true,"href":"https:\/\/fontedamoura.com\/fr\/wp-json\/wp\/v2\/comments?post=1214"}],"version-history":[{"count":5,"href":"https:\/\/fontedamoura.com\/fr\/wp-json\/wp\/v2\/pages\/1214\/revisions"}],"predecessor-version":[{"id":3544,"href":"https:\/\/fontedamoura.com\/fr\/wp-json\/wp\/v2\/pages\/1214\/revisions\/3544"}],"wp:attachment":[{"href":"https:\/\/fontedamoura.com\/fr\/wp-json\/wp\/v2\/media?parent=1214"}],"curies":[{"name":"wp","href":"https:\/\/api.w.org\/{rel}","templated":true}]}}