{"id":1204,"date":"2017-01-18T21:42:25","date_gmt":"2017-01-18T21:42:25","guid":{"rendered":"https:\/\/fontedamoura.com\/estruturas-metalicas\/"},"modified":"2018-02-06T10:57:04","modified_gmt":"2018-02-06T10:57:04","slug":"charpente-metallique","status":"publish","type":"page","link":"https:\/\/fontedamoura.com\/fr\/charpente-metallique\/","title":{"rendered":"CHARPENTE M\u00c9TALLIQUE"},"content":{"rendered":"","protected":false},"excerpt":{"rendered":"","protected":false},"author":1,"featured_media":0,"parent":0,"menu_order":0,"comment_status":"closed","ping_status":"closed","template":"","meta":[],"yoast_head":"<!-- This site is optimized with the Yoast SEO plugin v16.2 - https:\/\/yoast.com\/wordpress\/plugins\/seo\/ -->\n<title>Fonte da Moura Metalworking - Charpente M\u00e9tallique<\/title>\n<meta name=\"description\" content=\"Superficie de 4000 m2. Nous sommes \u00e9quip\u00e9 de mat\u00e9riel de haute technologie soit dans les projets, soit au niveau de la fabrication ce qui nous permets une r\u00e9ponse rapide, ceci m\u00eame dans des projets avec une certaine complexit\u00e9. Capacit\u00e9 de levage (50 tonnes).\" \/>\n<meta name=\"robots\" content=\"index, follow, max-snippet:-1, max-image-preview:large, max-video-preview:-1\" \/>\n<link rel=\"canonical\" href=\"https:\/\/fontedamoura.com\/fr\/charpente-metallique\/\" \/>\n<meta property=\"og:locale\" content=\"fr_FR\" \/>\n<meta property=\"og:type\" content=\"article\" \/>\n<meta property=\"og:title\" content=\"Fonte da Moura Metalworking - Charpente M\u00e9tallique\" \/>\n<meta property=\"og:description\" content=\"Superficie de 4000 m2. Nous sommes \u00e9quip\u00e9 de mat\u00e9riel de haute technologie soit dans les projets, soit au niveau de la fabrication ce qui nous permets une r\u00e9ponse rapide, ceci m\u00eame dans des projets avec une certaine complexit\u00e9. Capacit\u00e9 de levage (50 tonnes).\" \/>\n<meta property=\"og:url\" content=\"https:\/\/fontedamoura.com\/fr\/charpente-metallique\/\" \/>\n<meta property=\"og:site_name\" content=\"Fonte da Moura Metalworking\" \/>\n<meta property=\"article:modified_time\" content=\"2018-02-06T10:57:04+00:00\" \/>\n<meta name=\"twitter:card\" content=\"summary_large_image\" \/>\n<script type=\"application\/ld+json\" class=\"yoast-schema-graph\">{\"@context\":\"https:\/\/schema.org\",\"@graph\":[{\"@type\":\"WebSite\",\"@id\":\"https:\/\/fontedamoura.com\/fr\/#website\",\"url\":\"https:\/\/fontedamoura.com\/fr\/\",\"name\":\"Fonte da Moura Metalworking\",\"description\":\"Metalomec\\u00e2nica\",\"potentialAction\":[{\"@type\":\"SearchAction\",\"target\":\"https:\/\/fontedamoura.com\/fr\/?s={search_term_string}\",\"query-input\":\"required name=search_term_string\"}],\"inLanguage\":\"fr-FR\"},{\"@type\":\"WebPage\",\"@id\":\"https:\/\/fontedamoura.com\/fr\/charpente-metallique\/#webpage\",\"url\":\"https:\/\/fontedamoura.com\/fr\/charpente-metallique\/\",\"name\":\"Fonte da Moura Metalworking - Charpente M\\u00e9tallique\",\"isPartOf\":{\"@id\":\"https:\/\/fontedamoura.com\/fr\/#website\"},\"datePublished\":\"2017-01-18T21:42:25+00:00\",\"dateModified\":\"2018-02-06T10:57:04+00:00\",\"description\":\"Superficie de 4000 m2. Nous sommes \\u00e9quip\\u00e9 de mat\\u00e9riel de haute technologie soit dans les projets, soit au niveau de la fabrication ce qui nous permets une r\\u00e9ponse rapide, ceci m\\u00eame dans des projets avec une certaine complexit\\u00e9. Capacit\\u00e9 de levage (50 tonnes).\",\"breadcrumb\":{\"@id\":\"https:\/\/fontedamoura.com\/fr\/charpente-metallique\/#breadcrumb\"},\"inLanguage\":\"fr-FR\",\"potentialAction\":[{\"@type\":\"ReadAction\",\"target\":[\"https:\/\/fontedamoura.com\/fr\/charpente-metallique\/\"]}]},{\"@type\":\"BreadcrumbList\",\"@id\":\"https:\/\/fontedamoura.com\/fr\/charpente-metallique\/#breadcrumb\",\"itemListElement\":[{\"@type\":\"ListItem\",\"position\":1,\"item\":{\"@type\":\"WebPage\",\"@id\":\"https:\/\/fontedamoura.com\/fr\/\",\"url\":\"https:\/\/fontedamoura.com\/fr\/\",\"name\":\"In\\u00edcio\"}},{\"@type\":\"ListItem\",\"position\":2,\"item\":{\"@id\":\"https:\/\/fontedamoura.com\/fr\/charpente-metallique\/#webpage\"}}]}]}<\/script>\n<!-- \/ Yoast SEO plugin. -->","_links":{"self":[{"href":"https:\/\/fontedamoura.com\/fr\/wp-json\/wp\/v2\/pages\/1204"}],"collection":[{"href":"https:\/\/fontedamoura.com\/fr\/wp-json\/wp\/v2\/pages"}],"about":[{"href":"https:\/\/fontedamoura.com\/fr\/wp-json\/wp\/v2\/types\/page"}],"author":[{"embeddable":true,"href":"https:\/\/fontedamoura.com\/fr\/wp-json\/wp\/v2\/users\/1"}],"replies":[{"embeddable":true,"href":"https:\/\/fontedamoura.com\/fr\/wp-json\/wp\/v2\/comments?post=1204"}],"version-history":[{"count":5,"href":"https:\/\/fontedamoura.com\/fr\/wp-json\/wp\/v2\/pages\/1204\/revisions"}],"predecessor-version":[{"id":1911,"href":"https:\/\/fontedamoura.com\/fr\/wp-json\/wp\/v2\/pages\/1204\/revisions\/1911"}],"wp:attachment":[{"href":"https:\/\/fontedamoura.com\/fr\/wp-json\/wp\/v2\/media?parent=1204"}],"curies":[{"name":"wp","href":"https:\/\/api.w.org\/{rel}","templated":true}]}}