{"id":1195,"date":"2017-03-06T02:10:59","date_gmt":"2017-03-06T02:10:59","guid":{"rendered":"https:\/\/fontedamoura.com\/construcao-soldada\/"},"modified":"2019-03-11T15:07:44","modified_gmt":"2019-03-11T15:07:44","slug":"chaudronnerie","status":"publish","type":"page","link":"https:\/\/fontedamoura.com\/fr\/chaudronnerie\/","title":{"rendered":"CHAUDRONNERIE"},"content":{"rendered":"","protected":false},"excerpt":{"rendered":"","protected":false},"author":1,"featured_media":0,"parent":0,"menu_order":0,"comment_status":"closed","ping_status":"closed","template":"","meta":[],"yoast_head":"<!-- This site is optimized with the Yoast SEO plugin v16.2 - https:\/\/yoast.com\/wordpress\/plugins\/seo\/ -->\n<title>Fonte da Moura Metalworking - Chaudronnerie<\/title>\n<meta name=\"description\" content=\"Fonte da Moura a une longue tradition dans la fabrication et l&#039;assemblage de constructions m\u00e9talliques pour l&#039;industrie, la fabrication de composants m\u00e9talliques pour les transformateurs de haute puissance, l&#039;\u00e9nergie \u00e9olienne et les industries du p\u00e9trole, du ciment et du gaz.\" \/>\n<meta name=\"robots\" content=\"index, follow, max-snippet:-1, max-image-preview:large, max-video-preview:-1\" \/>\n<link rel=\"canonical\" href=\"https:\/\/fontedamoura.com\/fr\/chaudronnerie\/\" \/>\n<meta property=\"og:locale\" content=\"fr_FR\" \/>\n<meta property=\"og:type\" content=\"article\" \/>\n<meta property=\"og:title\" content=\"Fonte da Moura Metalworking - Chaudronnerie\" \/>\n<meta property=\"og:description\" content=\"Fonte da Moura a une longue tradition dans la fabrication et l&#039;assemblage de constructions m\u00e9talliques pour l&#039;industrie, la fabrication de composants m\u00e9talliques pour les transformateurs de haute puissance, l&#039;\u00e9nergie \u00e9olienne et les industries du p\u00e9trole, du ciment et du gaz.\" \/>\n<meta property=\"og:url\" content=\"https:\/\/fontedamoura.com\/fr\/chaudronnerie\/\" \/>\n<meta property=\"og:site_name\" content=\"Fonte da Moura Metalworking\" \/>\n<meta property=\"article:modified_time\" content=\"2019-03-11T15:07:44+00:00\" \/>\n<meta name=\"twitter:card\" content=\"summary_large_image\" \/>\n<script type=\"application\/ld+json\" class=\"yoast-schema-graph\">{\"@context\":\"https:\/\/schema.org\",\"@graph\":[{\"@type\":\"WebSite\",\"@id\":\"https:\/\/fontedamoura.com\/fr\/#website\",\"url\":\"https:\/\/fontedamoura.com\/fr\/\",\"name\":\"Fonte da Moura Metalworking\",\"description\":\"Metalomec\\u00e2nica\",\"potentialAction\":[{\"@type\":\"SearchAction\",\"target\":\"https:\/\/fontedamoura.com\/fr\/?s={search_term_string}\",\"query-input\":\"required name=search_term_string\"}],\"inLanguage\":\"fr-FR\"},{\"@type\":\"WebPage\",\"@id\":\"https:\/\/fontedamoura.com\/fr\/chaudronnerie\/#webpage\",\"url\":\"https:\/\/fontedamoura.com\/fr\/chaudronnerie\/\",\"name\":\"Fonte da Moura Metalworking - Chaudronnerie\",\"isPartOf\":{\"@id\":\"https:\/\/fontedamoura.com\/fr\/#website\"},\"datePublished\":\"2017-03-06T02:10:59+00:00\",\"dateModified\":\"2019-03-11T15:07:44+00:00\",\"description\":\"Fonte da Moura a une longue tradition dans la fabrication et l'assemblage de constructions m\\u00e9talliques pour l'industrie, la fabrication de composants m\\u00e9talliques pour les transformateurs de haute puissance, l'\\u00e9nergie \\u00e9olienne et les industries du p\\u00e9trole, du ciment et du gaz.\",\"breadcrumb\":{\"@id\":\"https:\/\/fontedamoura.com\/fr\/chaudronnerie\/#breadcrumb\"},\"inLanguage\":\"fr-FR\",\"potentialAction\":[{\"@type\":\"ReadAction\",\"target\":[\"https:\/\/fontedamoura.com\/fr\/chaudronnerie\/\"]}]},{\"@type\":\"BreadcrumbList\",\"@id\":\"https:\/\/fontedamoura.com\/fr\/chaudronnerie\/#breadcrumb\",\"itemListElement\":[{\"@type\":\"ListItem\",\"position\":1,\"item\":{\"@type\":\"WebPage\",\"@id\":\"https:\/\/fontedamoura.com\/fr\/\",\"url\":\"https:\/\/fontedamoura.com\/fr\/\",\"name\":\"In\\u00edcio\"}},{\"@type\":\"ListItem\",\"position\":2,\"item\":{\"@id\":\"https:\/\/fontedamoura.com\/fr\/chaudronnerie\/#webpage\"}}]}]}<\/script>\n<!-- \/ Yoast SEO plugin. -->","_links":{"self":[{"href":"https:\/\/fontedamoura.com\/fr\/wp-json\/wp\/v2\/pages\/1195"}],"collection":[{"href":"https:\/\/fontedamoura.com\/fr\/wp-json\/wp\/v2\/pages"}],"about":[{"href":"https:\/\/fontedamoura.com\/fr\/wp-json\/wp\/v2\/types\/page"}],"author":[{"embeddable":true,"href":"https:\/\/fontedamoura.com\/fr\/wp-json\/wp\/v2\/users\/1"}],"replies":[{"embeddable":true,"href":"https:\/\/fontedamoura.com\/fr\/wp-json\/wp\/v2\/comments?post=1195"}],"version-history":[{"count":6,"href":"https:\/\/fontedamoura.com\/fr\/wp-json\/wp\/v2\/pages\/1195\/revisions"}],"predecessor-version":[{"id":1894,"href":"https:\/\/fontedamoura.com\/fr\/wp-json\/wp\/v2\/pages\/1195\/revisions\/1894"}],"wp:attachment":[{"href":"https:\/\/fontedamoura.com\/fr\/wp-json\/wp\/v2\/media?parent=1195"}],"curies":[{"name":"wp","href":"https:\/\/api.w.org\/{rel}","templated":true}]}}