{"id":1431,"date":"2017-03-21T19:38:09","date_gmt":"2017-03-21T19:38:09","guid":{"rendered":"https:\/\/fontedamoura.com\/serralharia-civil-ferro\/"},"modified":"2021-11-22T17:01:25","modified_gmt":"2021-11-22T17:01:25","slug":"civil-hierro","status":"publish","type":"page","link":"https:\/\/fontedamoura.com\/es\/civil-hierro\/","title":{"rendered":"EDIFICACI\u00d3N CIVIL &#8211; HIERRO"},"content":{"rendered":"","protected":false},"excerpt":{"rendered":"","protected":false},"author":1,"featured_media":0,"parent":0,"menu_order":0,"comment_status":"closed","ping_status":"closed","template":"","meta":[],"yoast_head":"<!-- This site is optimized with the Yoast SEO plugin v16.2 - https:\/\/yoast.com\/wordpress\/plugins\/seo\/ -->\n<title>Fonte da Moura Metalworking - Edificaci\u00f3n civil - Hierro<\/title>\n<meta name=\"description\" content=\"SFM ha colaborado con los principales contratistas y arquitectos en algunos de los principales sitios p\u00fablico-privados, como el Centro de Convenciones Exponor en Oporto (primera fase), las represas de Torr\u00e3o y Lever, numerosos centros comerciales e hipermercados, as\u00ed como varios Casas, colegios, museos.\" \/>\n<meta name=\"robots\" content=\"index, follow, max-snippet:-1, max-image-preview:large, max-video-preview:-1\" \/>\n<link rel=\"canonical\" href=\"https:\/\/fontedamoura.com\/es\/civil-hierro\/\" \/>\n<meta property=\"og:locale\" content=\"es_ES\" \/>\n<meta property=\"og:type\" content=\"article\" \/>\n<meta property=\"og:title\" content=\"Fonte da Moura Metalworking - Edificaci\u00f3n civil - Hierro\" \/>\n<meta property=\"og:description\" content=\"SFM ha colaborado con los principales contratistas y arquitectos en algunos de los principales sitios p\u00fablico-privados, como el Centro de Convenciones Exponor en Oporto (primera fase), las represas de Torr\u00e3o y Lever, numerosos centros comerciales e hipermercados, as\u00ed como varios Casas, colegios, museos.\" \/>\n<meta property=\"og:url\" content=\"https:\/\/fontedamoura.com\/es\/civil-hierro\/\" \/>\n<meta property=\"og:site_name\" content=\"Fonte da Moura Metalworking\" \/>\n<meta property=\"article:modified_time\" content=\"2021-11-22T17:01:25+00:00\" \/>\n<meta name=\"twitter:card\" content=\"summary_large_image\" \/>\n<script type=\"application\/ld+json\" class=\"yoast-schema-graph\">{\"@context\":\"https:\/\/schema.org\",\"@graph\":[{\"@type\":\"WebSite\",\"@id\":\"https:\/\/fontedamoura.com\/fr\/#website\",\"url\":\"https:\/\/fontedamoura.com\/fr\/\",\"name\":\"Fonte da Moura Metalworking\",\"description\":\"Metalomec\\u00e2nica\",\"potentialAction\":[{\"@type\":\"SearchAction\",\"target\":\"https:\/\/fontedamoura.com\/fr\/?s={search_term_string}\",\"query-input\":\"required name=search_term_string\"}],\"inLanguage\":\"es\"},{\"@type\":\"WebPage\",\"@id\":\"https:\/\/fontedamoura.com\/es\/civil-hierro\/#webpage\",\"url\":\"https:\/\/fontedamoura.com\/es\/civil-hierro\/\",\"name\":\"Fonte da Moura Metalworking - Edificaci\\u00f3n civil - Hierro\",\"isPartOf\":{\"@id\":\"https:\/\/fontedamoura.com\/fr\/#website\"},\"datePublished\":\"2017-03-21T19:38:09+00:00\",\"dateModified\":\"2021-11-22T17:01:25+00:00\",\"description\":\"SFM ha colaborado con los principales contratistas y arquitectos en algunos de los principales sitios p\\u00fablico-privados, como el Centro de Convenciones Exponor en Oporto (primera fase), las represas de Torr\\u00e3o y Lever, numerosos centros comerciales e hipermercados, as\\u00ed como varios Casas, colegios, museos.\",\"breadcrumb\":{\"@id\":\"https:\/\/fontedamoura.com\/es\/civil-hierro\/#breadcrumb\"},\"inLanguage\":\"es\",\"potentialAction\":[{\"@type\":\"ReadAction\",\"target\":[\"https:\/\/fontedamoura.com\/es\/civil-hierro\/\"]}]},{\"@type\":\"BreadcrumbList\",\"@id\":\"https:\/\/fontedamoura.com\/es\/civil-hierro\/#breadcrumb\",\"itemListElement\":[{\"@type\":\"ListItem\",\"position\":1,\"item\":{\"@type\":\"WebPage\",\"@id\":\"https:\/\/fontedamoura.com\/es\/\",\"url\":\"https:\/\/fontedamoura.com\/es\/\",\"name\":\"In\\u00edcio\"}},{\"@type\":\"ListItem\",\"position\":2,\"item\":{\"@id\":\"https:\/\/fontedamoura.com\/es\/civil-hierro\/#webpage\"}}]}]}<\/script>\n<!-- \/ Yoast SEO plugin. -->","_links":{"self":[{"href":"https:\/\/fontedamoura.com\/es\/wp-json\/wp\/v2\/pages\/1431"}],"collection":[{"href":"https:\/\/fontedamoura.com\/es\/wp-json\/wp\/v2\/pages"}],"about":[{"href":"https:\/\/fontedamoura.com\/es\/wp-json\/wp\/v2\/types\/page"}],"author":[{"embeddable":true,"href":"https:\/\/fontedamoura.com\/es\/wp-json\/wp\/v2\/users\/1"}],"replies":[{"embeddable":true,"href":"https:\/\/fontedamoura.com\/es\/wp-json\/wp\/v2\/comments?post=1431"}],"version-history":[{"count":5,"href":"https:\/\/fontedamoura.com\/es\/wp-json\/wp\/v2\/pages\/1431\/revisions"}],"predecessor-version":[{"id":3582,"href":"https:\/\/fontedamoura.com\/es\/wp-json\/wp\/v2\/pages\/1431\/revisions\/3582"}],"wp:attachment":[{"href":"https:\/\/fontedamoura.com\/es\/wp-json\/wp\/v2\/media?parent=1431"}],"curies":[{"name":"wp","href":"https:\/\/api.w.org\/{rel}","templated":true}]}}