{"id":1428,"date":"2017-03-06T01:30:06","date_gmt":"2017-03-06T01:30:06","guid":{"rendered":"https:\/\/fontedamoura.com\/qualidadecertificacoes\/"},"modified":"2023-01-06T18:23:30","modified_gmt":"2023-01-06T18:23:30","slug":"calidad-certificaciones","status":"publish","type":"page","link":"https:\/\/fontedamoura.com\/es\/calidad-certificaciones\/","title":{"rendered":"CALIDAD \/ CERTIFICACIONES"},"content":{"rendered":"","protected":false},"excerpt":{"rendered":"","protected":false},"author":1,"featured_media":0,"parent":0,"menu_order":0,"comment_status":"closed","ping_status":"closed","template":"","meta":[],"yoast_head":"<!-- This site is optimized with the Yoast SEO plugin v16.2 - https:\/\/yoast.com\/wordpress\/plugins\/seo\/ -->\n<title>Fonte da Moura Metalworking - Calidad \/ Certificaciones<\/title>\n<meta name=\"description\" content=\"Industrias Met\u00e1licas \u201cFonte da Moura\u201d atrav\u00e9s del establecimiento de su Pol\u00edtica de Calidad aplicada desde la fase de dise\u00f1o hasta el montaje final, establece como objetivo primordial que nuestros productos pasen estrictos controles de calidad encaminados a cumplir con los requisitos de nuestros clientes.\" \/>\n<meta name=\"robots\" content=\"index, follow, max-snippet:-1, max-image-preview:large, max-video-preview:-1\" \/>\n<link rel=\"canonical\" href=\"https:\/\/fontedamoura.com\/es\/calidad-certificaciones\/\" \/>\n<meta property=\"og:locale\" content=\"es_ES\" \/>\n<meta property=\"og:type\" content=\"article\" \/>\n<meta property=\"og:title\" content=\"Fonte da Moura Metalworking - Calidad \/ Certificaciones\" \/>\n<meta property=\"og:description\" content=\"Industrias Met\u00e1licas \u201cFonte da Moura\u201d atrav\u00e9s del establecimiento de su Pol\u00edtica de Calidad aplicada desde la fase de dise\u00f1o hasta el montaje final, establece como objetivo primordial que nuestros productos pasen estrictos controles de calidad encaminados a cumplir con los requisitos de nuestros clientes.\" \/>\n<meta property=\"og:url\" content=\"https:\/\/fontedamoura.com\/es\/calidad-certificaciones\/\" \/>\n<meta property=\"og:site_name\" content=\"Fonte da Moura Metalworking\" \/>\n<meta property=\"article:modified_time\" content=\"2023-01-06T18:23:30+00:00\" \/>\n<meta name=\"twitter:card\" content=\"summary_large_image\" \/>\n<script type=\"application\/ld+json\" class=\"yoast-schema-graph\">{\"@context\":\"https:\/\/schema.org\",\"@graph\":[{\"@type\":\"WebSite\",\"@id\":\"https:\/\/fontedamoura.com\/fr\/#website\",\"url\":\"https:\/\/fontedamoura.com\/fr\/\",\"name\":\"Fonte da Moura Metalworking\",\"description\":\"Metalomec\\u00e2nica\",\"potentialAction\":[{\"@type\":\"SearchAction\",\"target\":\"https:\/\/fontedamoura.com\/fr\/?s={search_term_string}\",\"query-input\":\"required name=search_term_string\"}],\"inLanguage\":\"es\"},{\"@type\":\"WebPage\",\"@id\":\"https:\/\/fontedamoura.com\/es\/calidad-certificaciones\/#webpage\",\"url\":\"https:\/\/fontedamoura.com\/es\/calidad-certificaciones\/\",\"name\":\"Fonte da Moura Metalworking - Calidad \/ Certificaciones\",\"isPartOf\":{\"@id\":\"https:\/\/fontedamoura.com\/fr\/#website\"},\"datePublished\":\"2017-03-06T01:30:06+00:00\",\"dateModified\":\"2023-01-06T18:23:30+00:00\",\"description\":\"Industrias Met\\u00e1licas \\u201cFonte da Moura\\u201d atrav\\u00e9s del establecimiento de su Pol\\u00edtica de Calidad aplicada desde la fase de dise\\u00f1o hasta el montaje final, establece como objetivo primordial que nuestros productos pasen estrictos controles de calidad encaminados a cumplir con los requisitos de nuestros clientes.\",\"breadcrumb\":{\"@id\":\"https:\/\/fontedamoura.com\/es\/calidad-certificaciones\/#breadcrumb\"},\"inLanguage\":\"es\",\"potentialAction\":[{\"@type\":\"ReadAction\",\"target\":[\"https:\/\/fontedamoura.com\/es\/calidad-certificaciones\/\"]}]},{\"@type\":\"BreadcrumbList\",\"@id\":\"https:\/\/fontedamoura.com\/es\/calidad-certificaciones\/#breadcrumb\",\"itemListElement\":[{\"@type\":\"ListItem\",\"position\":1,\"item\":{\"@type\":\"WebPage\",\"@id\":\"https:\/\/fontedamoura.com\/es\/\",\"url\":\"https:\/\/fontedamoura.com\/es\/\",\"name\":\"In\\u00edcio\"}},{\"@type\":\"ListItem\",\"position\":2,\"item\":{\"@id\":\"https:\/\/fontedamoura.com\/es\/calidad-certificaciones\/#webpage\"}}]}]}<\/script>\n<!-- \/ Yoast SEO plugin. -->","_links":{"self":[{"href":"https:\/\/fontedamoura.com\/es\/wp-json\/wp\/v2\/pages\/1428"}],"collection":[{"href":"https:\/\/fontedamoura.com\/es\/wp-json\/wp\/v2\/pages"}],"about":[{"href":"https:\/\/fontedamoura.com\/es\/wp-json\/wp\/v2\/types\/page"}],"author":[{"embeddable":true,"href":"https:\/\/fontedamoura.com\/es\/wp-json\/wp\/v2\/users\/1"}],"replies":[{"embeddable":true,"href":"https:\/\/fontedamoura.com\/es\/wp-json\/wp\/v2\/comments?post=1428"}],"version-history":[{"count":6,"href":"https:\/\/fontedamoura.com\/es\/wp-json\/wp\/v2\/pages\/1428\/revisions"}],"predecessor-version":[{"id":3732,"href":"https:\/\/fontedamoura.com\/es\/wp-json\/wp\/v2\/pages\/1428\/revisions\/3732"}],"wp:attachment":[{"href":"https:\/\/fontedamoura.com\/es\/wp-json\/wp\/v2\/media?parent=1428"}],"curies":[{"name":"wp","href":"https:\/\/api.w.org\/{rel}","templated":true}]}}