{"id":1205,"date":"2017-01-18T21:42:25","date_gmt":"2017-01-18T21:42:25","guid":{"rendered":"https:\/\/fontedamoura.com\/estruturas-metalicas\/"},"modified":"2019-03-11T15:12:44","modified_gmt":"2019-03-11T15:12:44","slug":"estructuras-metalicas","status":"publish","type":"page","link":"https:\/\/fontedamoura.com\/es\/estructuras-metalicas\/","title":{"rendered":"ESTRUCTURAS MET\u00c1LICAS"},"content":{"rendered":"","protected":false},"excerpt":{"rendered":"","protected":false},"author":1,"featured_media":0,"parent":0,"menu_order":0,"comment_status":"closed","ping_status":"closed","template":"","meta":[],"yoast_head":"<!-- This site is optimized with the Yoast SEO plugin v16.2 - https:\/\/yoast.com\/wordpress\/plugins\/seo\/ -->\n<title>Fonte da Moura Metalworking - Estructuras Metalicas<\/title>\n<meta name=\"description\" content=\"&quot;Fonte da Moura&quot; dispone de la tecnolog\u00eda y la maquinaria necesarias para realizar la fabricaci\u00f3n de estructuras met\u00e1licas de cualquier magnitud. Nuestra capacidad tecnol\u00f3gica, unida a la experiencia de nuestro equipo humano, tanto en taller como en la fase de montaje.\" \/>\n<meta name=\"robots\" content=\"index, follow, max-snippet:-1, max-image-preview:large, max-video-preview:-1\" \/>\n<link rel=\"canonical\" href=\"https:\/\/fontedamoura.com\/es\/estructuras-metalicas\/\" \/>\n<meta property=\"og:locale\" content=\"es_ES\" \/>\n<meta property=\"og:type\" content=\"article\" \/>\n<meta property=\"og:title\" content=\"Fonte da Moura Metalworking - Estructuras Metalicas\" \/>\n<meta property=\"og:description\" content=\"&quot;Fonte da Moura&quot; dispone de la tecnolog\u00eda y la maquinaria necesarias para realizar la fabricaci\u00f3n de estructuras met\u00e1licas de cualquier magnitud. Nuestra capacidad tecnol\u00f3gica, unida a la experiencia de nuestro equipo humano, tanto en taller como en la fase de montaje.\" \/>\n<meta property=\"og:url\" content=\"https:\/\/fontedamoura.com\/es\/estructuras-metalicas\/\" \/>\n<meta property=\"og:site_name\" content=\"Fonte da Moura Metalworking\" \/>\n<meta property=\"article:modified_time\" content=\"2019-03-11T15:12:44+00:00\" \/>\n<meta name=\"twitter:card\" content=\"summary_large_image\" \/>\n<script type=\"application\/ld+json\" class=\"yoast-schema-graph\">{\"@context\":\"https:\/\/schema.org\",\"@graph\":[{\"@type\":\"WebSite\",\"@id\":\"https:\/\/fontedamoura.com\/fr\/#website\",\"url\":\"https:\/\/fontedamoura.com\/fr\/\",\"name\":\"Fonte da Moura Metalworking\",\"description\":\"Metalomec\\u00e2nica\",\"potentialAction\":[{\"@type\":\"SearchAction\",\"target\":\"https:\/\/fontedamoura.com\/fr\/?s={search_term_string}\",\"query-input\":\"required name=search_term_string\"}],\"inLanguage\":\"es\"},{\"@type\":\"WebPage\",\"@id\":\"https:\/\/fontedamoura.com\/es\/estructuras-metalicas\/#webpage\",\"url\":\"https:\/\/fontedamoura.com\/es\/estructuras-metalicas\/\",\"name\":\"Fonte da Moura Metalworking - Estructuras Metalicas\",\"isPartOf\":{\"@id\":\"https:\/\/fontedamoura.com\/fr\/#website\"},\"datePublished\":\"2017-01-18T21:42:25+00:00\",\"dateModified\":\"2019-03-11T15:12:44+00:00\",\"description\":\"\\\"Fonte da Moura\\\" dispone de la tecnolog\\u00eda y la maquinaria necesarias para realizar la fabricaci\\u00f3n de estructuras met\\u00e1licas de cualquier magnitud. Nuestra capacidad tecnol\\u00f3gica, unida a la experiencia de nuestro equipo humano, tanto en taller como en la fase de montaje.\",\"breadcrumb\":{\"@id\":\"https:\/\/fontedamoura.com\/es\/estructuras-metalicas\/#breadcrumb\"},\"inLanguage\":\"es\",\"potentialAction\":[{\"@type\":\"ReadAction\",\"target\":[\"https:\/\/fontedamoura.com\/es\/estructuras-metalicas\/\"]}]},{\"@type\":\"BreadcrumbList\",\"@id\":\"https:\/\/fontedamoura.com\/es\/estructuras-metalicas\/#breadcrumb\",\"itemListElement\":[{\"@type\":\"ListItem\",\"position\":1,\"item\":{\"@type\":\"WebPage\",\"@id\":\"https:\/\/fontedamoura.com\/es\/\",\"url\":\"https:\/\/fontedamoura.com\/es\/\",\"name\":\"In\\u00edcio\"}},{\"@type\":\"ListItem\",\"position\":2,\"item\":{\"@id\":\"https:\/\/fontedamoura.com\/es\/estructuras-metalicas\/#webpage\"}}]}]}<\/script>\n<!-- \/ Yoast SEO plugin. -->","_links":{"self":[{"href":"https:\/\/fontedamoura.com\/es\/wp-json\/wp\/v2\/pages\/1205"}],"collection":[{"href":"https:\/\/fontedamoura.com\/es\/wp-json\/wp\/v2\/pages"}],"about":[{"href":"https:\/\/fontedamoura.com\/es\/wp-json\/wp\/v2\/types\/page"}],"author":[{"embeddable":true,"href":"https:\/\/fontedamoura.com\/es\/wp-json\/wp\/v2\/users\/1"}],"replies":[{"embeddable":true,"href":"https:\/\/fontedamoura.com\/es\/wp-json\/wp\/v2\/comments?post=1205"}],"version-history":[{"count":6,"href":"https:\/\/fontedamoura.com\/es\/wp-json\/wp\/v2\/pages\/1205\/revisions"}],"predecessor-version":[{"id":1901,"href":"https:\/\/fontedamoura.com\/es\/wp-json\/wp\/v2\/pages\/1205\/revisions\/1901"}],"wp:attachment":[{"href":"https:\/\/fontedamoura.com\/es\/wp-json\/wp\/v2\/media?parent=1205"}],"curies":[{"name":"wp","href":"https:\/\/api.w.org\/{rel}","templated":true}]}}