{"id":1202,"date":"2017-03-05T18:53:46","date_gmt":"2017-03-05T18:53:46","guid":{"rendered":"https:\/\/fontedamoura.com\/engenharia\/"},"modified":"2021-11-18T19:31:49","modified_gmt":"2021-11-18T19:31:49","slug":"ingenieria","status":"publish","type":"page","link":"https:\/\/fontedamoura.com\/es\/ingenieria\/","title":{"rendered":"INGENIER\u00cdA"},"content":{"rendered":"","protected":false},"excerpt":{"rendered":"","protected":false},"author":1,"featured_media":0,"parent":0,"menu_order":0,"comment_status":"closed","ping_status":"closed","template":"","meta":[],"yoast_head":"<!-- This site is optimized with the Yoast SEO plugin v16.2 - https:\/\/yoast.com\/wordpress\/plugins\/seo\/ -->\n<title>Fonte da Moura Metalworking - Ingenieria<\/title>\n<meta name=\"description\" content=\"El departamento de ingenier\u00eda de &quot;Fonte da Moura&quot; colabora con nuestros clientes codo con codo realizando el c\u00e1lculo y dise\u00f1o de las estructuras mediante la utilizaci\u00f3n de los mas avanzados programas de c\u00e1lculo y dise\u00f1o en 3D. La posibilidad de realizar un viaje virtual a trav\u00e9s del dise\u00f1o 3D de la estructura.\" \/>\n<meta name=\"robots\" content=\"index, follow, max-snippet:-1, max-image-preview:large, max-video-preview:-1\" \/>\n<link rel=\"canonical\" href=\"https:\/\/fontedamoura.com\/es\/ingenieria\/\" \/>\n<meta property=\"og:locale\" content=\"es_ES\" \/>\n<meta property=\"og:type\" content=\"article\" \/>\n<meta property=\"og:title\" content=\"Fonte da Moura Metalworking - Ingenieria\" \/>\n<meta property=\"og:description\" content=\"El departamento de ingenier\u00eda de &quot;Fonte da Moura&quot; colabora con nuestros clientes codo con codo realizando el c\u00e1lculo y dise\u00f1o de las estructuras mediante la utilizaci\u00f3n de los mas avanzados programas de c\u00e1lculo y dise\u00f1o en 3D. La posibilidad de realizar un viaje virtual a trav\u00e9s del dise\u00f1o 3D de la estructura.\" \/>\n<meta property=\"og:url\" content=\"https:\/\/fontedamoura.com\/es\/ingenieria\/\" \/>\n<meta property=\"og:site_name\" content=\"Fonte da Moura Metalworking\" \/>\n<meta property=\"article:modified_time\" content=\"2021-11-18T19:31:49+00:00\" \/>\n<meta name=\"twitter:card\" content=\"summary_large_image\" \/>\n<script type=\"application\/ld+json\" class=\"yoast-schema-graph\">{\"@context\":\"https:\/\/schema.org\",\"@graph\":[{\"@type\":\"WebSite\",\"@id\":\"https:\/\/fontedamoura.com\/fr\/#website\",\"url\":\"https:\/\/fontedamoura.com\/fr\/\",\"name\":\"Fonte da Moura Metalworking\",\"description\":\"Metalomec\\u00e2nica\",\"potentialAction\":[{\"@type\":\"SearchAction\",\"target\":\"https:\/\/fontedamoura.com\/fr\/?s={search_term_string}\",\"query-input\":\"required name=search_term_string\"}],\"inLanguage\":\"es\"},{\"@type\":\"WebPage\",\"@id\":\"https:\/\/fontedamoura.com\/es\/ingenieria\/#webpage\",\"url\":\"https:\/\/fontedamoura.com\/es\/ingenieria\/\",\"name\":\"Fonte da Moura Metalworking - Ingenieria\",\"isPartOf\":{\"@id\":\"https:\/\/fontedamoura.com\/fr\/#website\"},\"datePublished\":\"2017-03-05T18:53:46+00:00\",\"dateModified\":\"2021-11-18T19:31:49+00:00\",\"description\":\"El departamento de ingenier\\u00eda de \\\"Fonte da Moura\\\" colabora con nuestros clientes codo con codo realizando el c\\u00e1lculo y dise\\u00f1o de las estructuras mediante la utilizaci\\u00f3n de los mas avanzados programas de c\\u00e1lculo y dise\\u00f1o en 3D. La posibilidad de realizar un viaje virtual a trav\\u00e9s del dise\\u00f1o 3D de la estructura.\",\"breadcrumb\":{\"@id\":\"https:\/\/fontedamoura.com\/es\/ingenieria\/#breadcrumb\"},\"inLanguage\":\"es\",\"potentialAction\":[{\"@type\":\"ReadAction\",\"target\":[\"https:\/\/fontedamoura.com\/es\/ingenieria\/\"]}]},{\"@type\":\"BreadcrumbList\",\"@id\":\"https:\/\/fontedamoura.com\/es\/ingenieria\/#breadcrumb\",\"itemListElement\":[{\"@type\":\"ListItem\",\"position\":1,\"item\":{\"@type\":\"WebPage\",\"@id\":\"https:\/\/fontedamoura.com\/es\/\",\"url\":\"https:\/\/fontedamoura.com\/es\/\",\"name\":\"In\\u00edcio\"}},{\"@type\":\"ListItem\",\"position\":2,\"item\":{\"@id\":\"https:\/\/fontedamoura.com\/es\/ingenieria\/#webpage\"}}]}]}<\/script>\n<!-- \/ Yoast SEO plugin. -->","_links":{"self":[{"href":"https:\/\/fontedamoura.com\/es\/wp-json\/wp\/v2\/pages\/1202"}],"collection":[{"href":"https:\/\/fontedamoura.com\/es\/wp-json\/wp\/v2\/pages"}],"about":[{"href":"https:\/\/fontedamoura.com\/es\/wp-json\/wp\/v2\/types\/page"}],"author":[{"embeddable":true,"href":"https:\/\/fontedamoura.com\/es\/wp-json\/wp\/v2\/users\/1"}],"replies":[{"embeddable":true,"href":"https:\/\/fontedamoura.com\/es\/wp-json\/wp\/v2\/comments?post=1202"}],"version-history":[{"count":5,"href":"https:\/\/fontedamoura.com\/es\/wp-json\/wp\/v2\/pages\/1202\/revisions"}],"predecessor-version":[{"id":3546,"href":"https:\/\/fontedamoura.com\/es\/wp-json\/wp\/v2\/pages\/1202\/revisions\/3546"}],"wp:attachment":[{"href":"https:\/\/fontedamoura.com\/es\/wp-json\/wp\/v2\/media?parent=1202"}],"curies":[{"name":"wp","href":"https:\/\/api.w.org\/{rel}","templated":true}]}}